{"id":1373,"date":"2022-10-11T20:40:51","date_gmt":"2022-10-11T20:40:51","guid":{"rendered":"https:\/\/orokzoldlakopark.hu\/?page_id=1373"},"modified":"2022-10-11T20:58:11","modified_gmt":"2022-10-11T20:58:11","slug":"terkepes-ingatlanvalaszto","status":"publish","type":"page","link":"https:\/\/orokzoldlakopark.hu\/en\/terkepes-ingatlanvalaszto\/","title":{"rendered":"T\u00e9rk\u00e9pes ingatlanv\u00e1laszt\u00f3"},"content":{"rendered":"<div data-elementor-type=\"wp-page\" data-elementor-id=\"1373\" class=\"elementor elementor-1373\" data-elementor-post-type=\"page\">\n\t\t\t\t\t\t<section data-particle_enable=\"false\" data-particle-mobile-disabled=\"false\" class=\"elementor-section elementor-top-section elementor-element elementor-element-cea73ed elementor-section-boxed elementor-section-height-default elementor-section-height-default\" data-id=\"cea73ed\" data-element_type=\"section\" data-e-type=\"section\" data-settings=\"{&quot;jet_parallax_layout_list&quot;:[],&quot;background_background&quot;:&quot;classic&quot;,&quot;animation&quot;:&quot;none&quot;}\">\n\t\t\t\t\t\t<div class=\"elementor-container elementor-column-gap-default\">\n\t\t\t\t\t<div class=\"elementor-column elementor-col-100 elementor-top-column elementor-element elementor-element-0d80d0a\" data-id=\"0d80d0a\" data-element_type=\"column\" data-e-type=\"column\">\n\t\t\t<div class=\"elementor-widget-wrap elementor-element-populated\">\n\t\t\t\t\t\t<div class=\"elementor-element elementor-element-c85a8fc elementor-invisible elementor-widget elementor-widget-heading\" data-id=\"c85a8fc\" data-element_type=\"widget\" data-e-type=\"widget\" data-settings=\"{&quot;_animation&quot;:&quot;slideInUp&quot;}\" data-widget_type=\"heading.default\">\n\t\t\t\t<div class=\"elementor-widget-container\">\n\t\t\t\t\t<h1 class=\"elementor-heading-title elementor-size-default\">T\u00e9rk\u00e9pes ingatlanv\u00e1laszt\u00f3<\/h1>\t\t\t\t<\/div>\n\t\t\t\t<\/div>\n\t\t\t\t\t<\/div>\n\t\t<\/div>\n\t\t\t\t\t<\/div>\n\t\t<\/section>\n\t\t\t\t<section data-particle_enable=\"false\" data-particle-mobile-disabled=\"false\" class=\"elementor-section elementor-top-section elementor-element elementor-element-dced7a1 elementor-section-boxed elementor-section-height-default elementor-section-height-default\" data-id=\"dced7a1\" data-element_type=\"section\" data-e-type=\"section\" data-settings=\"{&quot;jet_parallax_layout_list&quot;:[]}\">\n\t\t\t\t\t\t<div class=\"elementor-container elementor-column-gap-default\">\n\t\t\t\t\t<div class=\"elementor-column elementor-col-100 elementor-top-column elementor-element elementor-element-d112ec2\" data-id=\"d112ec2\" data-element_type=\"column\" data-e-type=\"column\">\n\t\t\t<div class=\"elementor-widget-wrap elementor-element-populated\">\n\t\t\t\t\t\t<div class=\"elementor-element elementor-element-cf27356 elementor-widget elementor-widget-shortcode\" data-id=\"cf27356\" data-element_type=\"widget\" data-e-type=\"widget\" data-widget_type=\"shortcode.default\">\n\t\t\t\t<div class=\"elementor-widget-container\">\n\t\t\t\t\t\t\t<div class=\"elementor-shortcode\"><div id=\"mapsvg-916\" data-id=\"916\" class=\"mapsvg\" data-autoload=\"true\" data-load-db=\"true\" data-loading-text=\"T\u00e9rk\u00e9p bet\u00f6ltse...\" style=\"width: 100%; height: 0; padding-bottom: 100.12%\"><\/div><\/div>\n\t\t\t\t\t\t<\/div>\n\t\t\t\t<\/div>\n\t\t\t\t\t<\/div>\n\t\t<\/div>\n\t\t\t\t\t<\/div>\n\t\t<\/section>\n\t\t\t\t<\/div>","protected":false},"excerpt":{"rendered":"<p>T\u00e9rk\u00e9pes ingatlanv\u00e1laszt\u00f3<\/p>","protected":false},"author":1,"featured_media":0,"parent":0,"menu_order":0,"comment_status":"closed","ping_status":"closed","template":"","meta":{"site-sidebar-layout":"no-sidebar","site-content-layout":"page-builder","ast-site-content-layout":"","site-content-style":"default","site-sidebar-style":"default","ast-global-header-display":"","ast-banner-title-visibility":"","ast-main-header-display":"","ast-hfb-above-header-display":"","ast-hfb-below-header-display":"","ast-hfb-mobile-header-display":"","site-post-title":"disabled","ast-breadcrumbs-content":"","ast-featured-img":"disabled","footer-sml-layout":"","theme-transparent-header-meta":"","adv-header-id-meta":"","stick-header-meta":"","header-above-stick-meta":"","header-main-stick-meta":"","header-below-stick-meta":"","astra-migrate-meta-layouts":"default","ast-page-background-enabled":"default","ast-page-background-meta":{"desktop":{"background-color":"var(--ast-global-color-4)","background-image":"","background-repeat":"repeat","background-position":"center center","background-size":"auto","background-attachment":"scroll","background-type":"","background-media":"","overlay-type":"","overlay-color":"","overlay-opacity":"","overlay-gradient":""},"tablet":{"background-color":"","background-image":"","background-repeat":"repeat","background-position":"center center","background-size":"auto","background-attachment":"scroll","background-type":"","background-media":"","overlay-type":"","overlay-color":"","overlay-opacity":"","overlay-gradient":""},"mobile":{"background-color":"","background-image":"","background-repeat":"repeat","background-position":"center center","background-size":"auto","background-attachment":"scroll","background-type":"","background-media":"","overlay-type":"","overlay-color":"","overlay-opacity":"","overlay-gradient":""}},"ast-content-background-meta":{"desktop":{"background-color":"var(--ast-global-color-5)","background-image":"","background-repeat":"repeat","background-position":"center center","background-size":"auto","background-attachment":"scroll","background-type":"","background-media":"","overlay-type":"","overlay-color":"","overlay-opacity":"","overlay-gradient":""},"tablet":{"background-color":"var(--ast-global-color-5)","background-image":"","background-repeat":"repeat","background-position":"center center","background-size":"auto","background-attachment":"scroll","background-type":"","background-media":"","overlay-type":"","overlay-color":"","overlay-opacity":"","overlay-gradient":""},"mobile":{"background-color":"var(--ast-global-color-5)","background-image":"","background-repeat":"repeat","background-position":"center center","background-size":"auto","background-attachment":"scroll","background-type":"","background-media":"","overlay-type":"","overlay-color":"","overlay-opacity":"","overlay-gradient":""}},"footnotes":""},"class_list":["post-1373","page","type-page","status-publish","hentry"],"yoast_head":"<!-- This site is optimized with the Yoast SEO Premium plugin v27.3 (Yoast SEO v27.3) - https:\/\/yoast.com\/product\/yoast-seo-premium-wordpress\/ -->\n<title>T\u00e9rk\u00e9pes ingatlanv\u00e1laszt\u00f3 &#8211; \u00d6r\u00f6kz\u00f6ld Lak\u00f3park<\/title>\n<meta name=\"robots\" content=\"index, follow, max-snippet:-1, max-image-preview:large, max-video-preview:-1\" \/>\n<link rel=\"canonical\" href=\"https:\/\/orokzoldlakopark.hu\/en\/terkepes-ingatlanvalaszto\/\" \/>\n<meta property=\"og:locale\" content=\"en_GB\" \/>\n<meta property=\"og:type\" content=\"article\" \/>\n<meta property=\"og:title\" content=\"T\u00e9rk\u00e9pes ingatlanv\u00e1laszt\u00f3\" \/>\n<meta property=\"og:description\" content=\"T\u00e9rk\u00e9pes ingatlanv\u00e1laszt\u00f3\" \/>\n<meta property=\"og:url\" content=\"https:\/\/orokzoldlakopark.hu\/en\/terkepes-ingatlanvalaszto\/\" \/>\n<meta property=\"og:site_name\" content=\"\u00d6r\u00f6kz\u00f6ld Lak\u00f3park\" \/>\n<meta property=\"article:modified_time\" content=\"2022-10-11T20:58:11+00:00\" \/>\n<meta name=\"twitter:card\" content=\"summary_large_image\" \/>\n<meta name=\"twitter:label1\" content=\"Estimated reading time\" \/>\n\t<meta name=\"twitter:data1\" content=\"1 minute\" \/>\n<script type=\"application\/ld+json\" class=\"yoast-schema-graph\">{\"@context\":\"https:\\\/\\\/schema.org\",\"@graph\":[{\"@type\":\"WebPage\",\"@id\":\"https:\\\/\\\/orokzoldlakopark.hu\\\/terkepes-ingatlanvalaszto\\\/\",\"url\":\"https:\\\/\\\/orokzoldlakopark.hu\\\/terkepes-ingatlanvalaszto\\\/\",\"name\":\"T\u00e9rk\u00e9pes ingatlanv\u00e1laszt\u00f3 &#8211; \u00d6r\u00f6kz\u00f6ld Lak\u00f3park\",\"isPartOf\":{\"@id\":\"https:\\\/\\\/orokzoldlakopark.hu\\\/#website\"},\"datePublished\":\"2022-10-11T20:40:51+00:00\",\"dateModified\":\"2022-10-11T20:58:11+00:00\",\"breadcrumb\":{\"@id\":\"https:\\\/\\\/orokzoldlakopark.hu\\\/terkepes-ingatlanvalaszto\\\/#breadcrumb\"},\"inLanguage\":\"en-GB\",\"potentialAction\":[{\"@type\":\"ReadAction\",\"target\":[\"https:\\\/\\\/orokzoldlakopark.hu\\\/terkepes-ingatlanvalaszto\\\/\"]}]},{\"@type\":\"BreadcrumbList\",\"@id\":\"https:\\\/\\\/orokzoldlakopark.hu\\\/terkepes-ingatlanvalaszto\\\/#breadcrumb\",\"itemListElement\":[{\"@type\":\"ListItem\",\"position\":1,\"name\":\"Kezd\u0151lap\",\"item\":\"https:\\\/\\\/orokzoldlakopark.hu\\\/\"},{\"@type\":\"ListItem\",\"position\":2,\"name\":\"T\u00e9rk\u00e9pes ingatlanv\u00e1laszt\u00f3\"}]},{\"@type\":\"WebSite\",\"@id\":\"https:\\\/\\\/orokzoldlakopark.hu\\\/#website\",\"url\":\"https:\\\/\\\/orokzoldlakopark.hu\\\/\",\"name\":\"\u00d6r\u00f6kz\u00f6ld Lak\u00f3park\",\"description\":\"N\u00e9h\u00e1ny perc a belv\u00e1rost\u00f3l - T\u00e1vol de m\u00e9g is k\u00f6zel!\",\"publisher\":{\"@id\":\"https:\\\/\\\/orokzoldlakopark.hu\\\/#organization\"},\"potentialAction\":[{\"@type\":\"SearchAction\",\"target\":{\"@type\":\"EntryPoint\",\"urlTemplate\":\"https:\\\/\\\/orokzoldlakopark.hu\\\/?s={search_term_string}\"},\"query-input\":{\"@type\":\"PropertyValueSpecification\",\"valueRequired\":true,\"valueName\":\"search_term_string\"}}],\"inLanguage\":\"en-GB\"},{\"@type\":\"Organization\",\"@id\":\"https:\\\/\\\/orokzoldlakopark.hu\\\/#organization\",\"name\":\"\u00d6r\u00f6kz\u00f6ld Lak\u00f3park\",\"url\":\"https:\\\/\\\/orokzoldlakopark.hu\\\/\",\"logo\":{\"@type\":\"ImageObject\",\"inLanguage\":\"en-GB\",\"@id\":\"https:\\\/\\\/orokzoldlakopark.hu\\\/#\\\/schema\\\/logo\\\/image\\\/\",\"url\":\"http:\\\/\\\/orokzoldlakopark.hu\\\/wp-content\\\/uploads\\\/2021\\\/06\\\/cropped-orokzold-lakopark-color.png\",\"contentUrl\":\"http:\\\/\\\/orokzoldlakopark.hu\\\/wp-content\\\/uploads\\\/2021\\\/06\\\/cropped-orokzold-lakopark-color.png\",\"width\":533,\"height\":160,\"caption\":\"\u00d6r\u00f6kz\u00f6ld Lak\u00f3park\"},\"image\":{\"@id\":\"https:\\\/\\\/orokzoldlakopark.hu\\\/#\\\/schema\\\/logo\\\/image\\\/\"}}]}<\/script>\n<!-- \/ Yoast SEO Premium plugin. -->","yoast_head_json":{"title":"T\u00e9rk\u00e9pes ingatlanv\u00e1laszt\u00f3 &#8211; \u00d6r\u00f6kz\u00f6ld Lak\u00f3park","robots":{"index":"index","follow":"follow","max-snippet":"max-snippet:-1","max-image-preview":"max-image-preview:large","max-video-preview":"max-video-preview:-1"},"canonical":"https:\/\/orokzoldlakopark.hu\/en\/terkepes-ingatlanvalaszto\/","og_locale":"en_GB","og_type":"article","og_title":"T\u00e9rk\u00e9pes ingatlanv\u00e1laszt\u00f3","og_description":"T\u00e9rk\u00e9pes ingatlanv\u00e1laszt\u00f3","og_url":"https:\/\/orokzoldlakopark.hu\/en\/terkepes-ingatlanvalaszto\/","og_site_name":"\u00d6r\u00f6kz\u00f6ld Lak\u00f3park","article_modified_time":"2022-10-11T20:58:11+00:00","twitter_card":"summary_large_image","twitter_misc":{"Estimated reading time":"1 minute"},"schema":{"@context":"https:\/\/schema.org","@graph":[{"@type":"WebPage","@id":"https:\/\/orokzoldlakopark.hu\/terkepes-ingatlanvalaszto\/","url":"https:\/\/orokzoldlakopark.hu\/terkepes-ingatlanvalaszto\/","name":"T\u00e9rk\u00e9pes ingatlanv\u00e1laszt\u00f3 &#8211; \u00d6r\u00f6kz\u00f6ld Lak\u00f3park","isPartOf":{"@id":"https:\/\/orokzoldlakopark.hu\/#website"},"datePublished":"2022-10-11T20:40:51+00:00","dateModified":"2022-10-11T20:58:11+00:00","breadcrumb":{"@id":"https:\/\/orokzoldlakopark.hu\/terkepes-ingatlanvalaszto\/#breadcrumb"},"inLanguage":"en-GB","potentialAction":[{"@type":"ReadAction","target":["https:\/\/orokzoldlakopark.hu\/terkepes-ingatlanvalaszto\/"]}]},{"@type":"BreadcrumbList","@id":"https:\/\/orokzoldlakopark.hu\/terkepes-ingatlanvalaszto\/#breadcrumb","itemListElement":[{"@type":"ListItem","position":1,"name":"Kezd\u0151lap","item":"https:\/\/orokzoldlakopark.hu\/"},{"@type":"ListItem","position":2,"name":"T\u00e9rk\u00e9pes ingatlanv\u00e1laszt\u00f3"}]},{"@type":"WebSite","@id":"https:\/\/orokzoldlakopark.hu\/#website","url":"https:\/\/orokzoldlakopark.hu\/","name":"\u00d6r\u00f6kz\u00f6ld Lak\u00f3park","description":"N\u00e9h\u00e1ny perc a belv\u00e1rost\u00f3l - T\u00e1vol de m\u00e9g is k\u00f6zel!","publisher":{"@id":"https:\/\/orokzoldlakopark.hu\/#organization"},"potentialAction":[{"@type":"SearchAction","target":{"@type":"EntryPoint","urlTemplate":"https:\/\/orokzoldlakopark.hu\/?s={search_term_string}"},"query-input":{"@type":"PropertyValueSpecification","valueRequired":true,"valueName":"search_term_string"}}],"inLanguage":"en-GB"},{"@type":"Organization","@id":"https:\/\/orokzoldlakopark.hu\/#organization","name":"\u00d6r\u00f6kz\u00f6ld Lak\u00f3park","url":"https:\/\/orokzoldlakopark.hu\/","logo":{"@type":"ImageObject","inLanguage":"en-GB","@id":"https:\/\/orokzoldlakopark.hu\/#\/schema\/logo\/image\/","url":"http:\/\/orokzoldlakopark.hu\/wp-content\/uploads\/2021\/06\/cropped-orokzold-lakopark-color.png","contentUrl":"http:\/\/orokzoldlakopark.hu\/wp-content\/uploads\/2021\/06\/cropped-orokzold-lakopark-color.png","width":533,"height":160,"caption":"\u00d6r\u00f6kz\u00f6ld Lak\u00f3park"},"image":{"@id":"https:\/\/orokzoldlakopark.hu\/#\/schema\/logo\/image\/"}}]}},"_links":{"self":[{"href":"https:\/\/orokzoldlakopark.hu\/en\/wp-json\/wp\/v2\/pages\/1373","targetHints":{"allow":["GET"]}}],"collection":[{"href":"https:\/\/orokzoldlakopark.hu\/en\/wp-json\/wp\/v2\/pages"}],"about":[{"href":"https:\/\/orokzoldlakopark.hu\/en\/wp-json\/wp\/v2\/types\/page"}],"author":[{"embeddable":true,"href":"https:\/\/orokzoldlakopark.hu\/en\/wp-json\/wp\/v2\/users\/1"}],"replies":[{"embeddable":true,"href":"https:\/\/orokzoldlakopark.hu\/en\/wp-json\/wp\/v2\/comments?post=1373"}],"version-history":[{"count":7,"href":"https:\/\/orokzoldlakopark.hu\/en\/wp-json\/wp\/v2\/pages\/1373\/revisions"}],"predecessor-version":[{"id":1382,"href":"https:\/\/orokzoldlakopark.hu\/en\/wp-json\/wp\/v2\/pages\/1373\/revisions\/1382"}],"wp:attachment":[{"href":"https:\/\/orokzoldlakopark.hu\/en\/wp-json\/wp\/v2\/media?parent=1373"}],"curies":[{"name":"wp","href":"https:\/\/api.w.org\/{rel}","templated":true}]}}