{"id":1131,"date":"2022-10-07T05:22:57","date_gmt":"2022-10-07T05:22:57","guid":{"rendered":"https:\/\/orokzoldlakopark.hu\/?page_id=1131"},"modified":"2025-08-14T14:54:17","modified_gmt":"2025-08-14T12:54:17","slug":"ingatlanvalaszto","status":"publish","type":"page","link":"https:\/\/orokzoldlakopark.hu\/sk\/ingatlanvalaszto\/","title":{"rendered":"V\u00fdber nehnute\u013enosti"},"content":{"rendered":"<div data-elementor-type=\"wp-page\" data-elementor-id=\"1131\" class=\"elementor elementor-1131\" data-elementor-post-type=\"page\">\n\t\t\t\t\t\t<section data-particle_enable=\"false\" data-particle-mobile-disabled=\"false\" class=\"elementor-section elementor-top-section elementor-element elementor-element-34d3ee5 elementor-section-boxed elementor-section-height-default elementor-section-height-default\" data-id=\"34d3ee5\" data-element_type=\"section\" data-e-type=\"section\" data-settings=\"{&quot;jet_parallax_layout_list&quot;:[],&quot;background_background&quot;:&quot;classic&quot;,&quot;animation&quot;:&quot;none&quot;}\">\n\t\t\t\t\t\t<div class=\"elementor-container elementor-column-gap-default\">\n\t\t\t\t\t<div class=\"elementor-column elementor-col-100 elementor-top-column elementor-element elementor-element-e5a4a31\" data-id=\"e5a4a31\" data-element_type=\"column\" data-e-type=\"column\">\n\t\t\t<div class=\"elementor-widget-wrap elementor-element-populated\">\n\t\t\t\t\t\t<div class=\"elementor-element elementor-element-9f4a32b elementor-invisible elementor-widget elementor-widget-heading\" data-id=\"9f4a32b\" data-element_type=\"widget\" data-e-type=\"widget\" data-settings=\"{&quot;_animation&quot;:&quot;slideInUp&quot;}\" data-widget_type=\"heading.default\">\n\t\t\t\t<div class=\"elementor-widget-container\">\n\t\t\t\t\t<h1 class=\"elementor-heading-title elementor-size-default\">V\u00fdber nehnute\u013enosti<\/h1>\t\t\t\t<\/div>\n\t\t\t\t<\/div>\n\t\t\t\t\t<\/div>\n\t\t<\/div>\n\t\t\t\t\t<\/div>\n\t\t<\/section>\n\t\t\t\t<section data-particle_enable=\"false\" data-particle-mobile-disabled=\"false\" class=\"elementor-section elementor-top-section elementor-element elementor-element-b66755c elementor-section-boxed elementor-section-height-default elementor-section-height-default\" data-id=\"b66755c\" data-element_type=\"section\" data-e-type=\"section\" data-settings=\"{&quot;jet_parallax_layout_list&quot;:[]}\">\n\t\t\t\t\t\t<div class=\"elementor-container elementor-column-gap-wide\">\n\t\t\t\t\t<div class=\"elementor-column elementor-col-33 elementor-top-column elementor-element elementor-element-6a81cf3\" data-id=\"6a81cf3\" data-element_type=\"column\" data-e-type=\"column\">\n\t\t\t<div class=\"elementor-widget-wrap elementor-element-populated\">\n\t\t\t\t\t\t<div class=\"elementor-element elementor-element-7640a7c elementor-widget elementor-widget-eael-interactive-promo\" data-id=\"7640a7c\" data-element_type=\"widget\" data-e-type=\"widget\" data-widget_type=\"eael-interactive-promo.default\">\n\t\t\t\t<div class=\"elementor-widget-container\">\n\t\t\t\t\t\t\t<div id=\"eael-promo-7640a7c\" class=\"eael-interactive-promo\">\n\t\t\t<figure class=\"effect-chico\">\n\t\t\t\t<img decoding=\"async\" alt=\"\" src=\"https:\/\/orokzoldlakopark.hu\/wp-content\/uploads\/2022\/10\/12.png\">\t\t\t\t<figcaption>\n\t\t\t\t\t<div>\n\t\t\t\t\t\t\t\t\t\t\t\t\t<h2>Radov\u00e9 z\u00e1stavby<\/h2>\n\t\t\t\t\t\t\n\t\t\t\t\t\t<p><\/p>\n\t\t\t\t\t<\/div>\n\t\t\t\t\t                        <a aria-label=\"Radov\u00e9 z\u00e1stavby\" href=\"\/sk\/osszes-sorhaz\/\"><\/a>\n\t\t\t\t\t\t\t\t\t<\/figcaption>\n\t\t\t<\/figure>\n\t\t<\/div>\n\t\t\t\t\t\t<\/div>\n\t\t\t\t<\/div>\n\t\t\t\t\t<\/div>\n\t\t<\/div>\n\t\t\t\t<div class=\"elementor-column elementor-col-33 elementor-top-column elementor-element elementor-element-8a6f592\" data-id=\"8a6f592\" data-element_type=\"column\" data-e-type=\"column\">\n\t\t\t<div class=\"elementor-widget-wrap elementor-element-populated\">\n\t\t\t\t\t\t<div class=\"elementor-element elementor-element-ae29924 elementor-widget elementor-widget-eael-interactive-promo\" data-id=\"ae29924\" data-element_type=\"widget\" data-e-type=\"widget\" data-widget_type=\"eael-interactive-promo.default\">\n\t\t\t\t<div class=\"elementor-widget-container\">\n\t\t\t\t\t\t\t<div id=\"eael-promo-ae29924\" class=\"eael-interactive-promo\">\n\t\t\t<figure class=\"effect-chico\">\n\t\t\t\t<img decoding=\"async\" alt=\"\" src=\"https:\/\/orokzoldlakopark.hu\/wp-content\/uploads\/2025\/08\/orokzold_csaladihazak.png\">\t\t\t\t<figcaption>\n\t\t\t\t\t<div>\n\t\t\t\t\t\t\t\t\t\t\t\t\t<h2>Csal\u00e1di h\u00e1zak<\/h2>\n\t\t\t\t\t\t\n\t\t\t\t\t\t<p><\/p>\n\t\t\t\t\t<\/div>\n\t\t\t\t\t                        <a aria-label=\"Csal\u00e1di h\u00e1zak\" href=\"\/sk\/osszes-csaladi-haz\/\"><\/a>\n\t\t\t\t\t\t\t\t\t<\/figcaption>\n\t\t\t<\/figure>\n\t\t<\/div>\n\t\t\t\t\t\t<\/div>\n\t\t\t\t<\/div>\n\t\t\t\t\t<\/div>\n\t\t<\/div>\n\t\t\t\t<div class=\"elementor-column elementor-col-33 elementor-top-column elementor-element elementor-element-af40025\" data-id=\"af40025\" data-element_type=\"column\" data-e-type=\"column\">\n\t\t\t<div class=\"elementor-widget-wrap elementor-element-populated\">\n\t\t\t\t\t\t<div class=\"elementor-element elementor-element-311baae elementor-widget elementor-widget-eael-interactive-promo\" data-id=\"311baae\" data-element_type=\"widget\" data-e-type=\"widget\" data-widget_type=\"eael-interactive-promo.default\">\n\t\t\t\t<div class=\"elementor-widget-container\">\n\t\t\t\t\t\t\t<div id=\"eael-promo-311baae\" class=\"eael-interactive-promo\">\n\t\t\t<figure class=\"effect-chico\">\n\t\t\t\t<img decoding=\"async\" alt=\"\" src=\"https:\/\/orokzoldlakopark.hu\/wp-content\/uploads\/2022\/10\/telkek.jpg\">\t\t\t\t<figcaption>\n\t\t\t\t\t<div>\n\t\t\t\t\t\t\t\t\t\t\t\t\t<h2>TELKEK ELADVA<\/h2>\n\t\t\t\t\t\t\n\t\t\t\t\t\t<p><\/p>\n\t\t\t\t\t<\/div>\n\t\t\t\t\t\t\t\t\t<\/figcaption>\n\t\t\t<\/figure>\n\t\t<\/div>\n\t\t\t\t\t\t<\/div>\n\t\t\t\t<\/div>\n\t\t\t\t\t<\/div>\n\t\t<\/div>\n\t\t\t\t\t<\/div>\n\t\t<\/section>\n\t\t\t\t<\/div>","protected":false},"excerpt":{"rendered":"<p>Ingatlanv\u00e1laszt\u00f3 Sorh\u00e1zak Csal\u00e1di h\u00e1zak TELKEK ELADVA<\/p>","protected":false},"author":1,"featured_media":0,"parent":0,"menu_order":0,"comment_status":"closed","ping_status":"closed","template":"elementor_header_footer","meta":{"site-sidebar-layout":"no-sidebar","site-content-layout":"page-builder","ast-site-content-layout":"","site-content-style":"default","site-sidebar-style":"default","ast-global-header-display":"","ast-banner-title-visibility":"","ast-main-header-display":"","ast-hfb-above-header-display":"","ast-hfb-below-header-display":"","ast-hfb-mobile-header-display":"","site-post-title":"disabled","ast-breadcrumbs-content":"","ast-featured-img":"disabled","footer-sml-layout":"","theme-transparent-header-meta":"","adv-header-id-meta":"","stick-header-meta":"","header-above-stick-meta":"","header-main-stick-meta":"","header-below-stick-meta":"","astra-migrate-meta-layouts":"default","ast-page-background-enabled":"default","ast-page-background-meta":{"desktop":{"background-color":"var(--ast-global-color-4)","background-image":"","background-repeat":"repeat","background-position":"center center","background-size":"auto","background-attachment":"scroll","background-type":"","background-media":"","overlay-type":"","overlay-color":"","overlay-opacity":"","overlay-gradient":""},"tablet":{"background-color":"","background-image":"","background-repeat":"repeat","background-position":"center center","background-size":"auto","background-attachment":"scroll","background-type":"","background-media":"","overlay-type":"","overlay-color":"","overlay-opacity":"","overlay-gradient":""},"mobile":{"background-color":"","background-image":"","background-repeat":"repeat","background-position":"center center","background-size":"auto","background-attachment":"scroll","background-type":"","background-media":"","overlay-type":"","overlay-color":"","overlay-opacity":"","overlay-gradient":""}},"ast-content-background-meta":{"desktop":{"background-color":"var(--ast-global-color-5)","background-image":"","background-repeat":"repeat","background-position":"center center","background-size":"auto","background-attachment":"scroll","background-type":"","background-media":"","overlay-type":"","overlay-color":"","overlay-opacity":"","overlay-gradient":""},"tablet":{"background-color":"var(--ast-global-color-5)","background-image":"","background-repeat":"repeat","background-position":"center center","background-size":"auto","background-attachment":"scroll","background-type":"","background-media":"","overlay-type":"","overlay-color":"","overlay-opacity":"","overlay-gradient":""},"mobile":{"background-color":"var(--ast-global-color-5)","background-image":"","background-repeat":"repeat","background-position":"center center","background-size":"auto","background-attachment":"scroll","background-type":"","background-media":"","overlay-type":"","overlay-color":"","overlay-opacity":"","overlay-gradient":""}},"footnotes":""},"class_list":["post-1131","page","type-page","status-publish","hentry"],"yoast_head":"<!-- This site is optimized with the Yoast SEO Premium plugin v27.3 (Yoast SEO v27.3) - https:\/\/yoast.com\/product\/yoast-seo-premium-wordpress\/ -->\n<title>Ingatlanv\u00e1laszt\u00f3 &#8211; \u00d6r\u00f6kz\u00f6ld Lak\u00f3park<\/title>\n<meta name=\"robots\" content=\"index, follow, max-snippet:-1, max-image-preview:large, max-video-preview:-1\" \/>\n<link rel=\"canonical\" href=\"https:\/\/orokzoldlakopark.hu\/sk\/ingatlanvalaszto\/\" \/>\n<meta property=\"og:locale\" content=\"sk_SK\" \/>\n<meta property=\"og:type\" content=\"article\" \/>\n<meta property=\"og:title\" content=\"Ingatlanv\u00e1laszt\u00f3\" \/>\n<meta property=\"og:description\" content=\"Ingatlanv\u00e1laszt\u00f3 Sorh\u00e1zak Csal\u00e1di h\u00e1zak TELKEK ELADVA\" \/>\n<meta property=\"og:url\" content=\"https:\/\/orokzoldlakopark.hu\/sk\/ingatlanvalaszto\/\" \/>\n<meta property=\"og:site_name\" content=\"\u00d6r\u00f6kz\u00f6ld Lak\u00f3park\" \/>\n<meta property=\"article:modified_time\" content=\"2025-08-14T12:54:17+00:00\" \/>\n<meta property=\"og:image\" content=\"https:\/\/orokzoldlakopark.hu\/wp-content\/uploads\/2022\/10\/12.png\" \/>\n<meta name=\"twitter:card\" content=\"summary_large_image\" \/>\n<meta name=\"twitter:label1\" content=\"Predpokladan\u00fd \u010das \u010d\u00edtania\" \/>\n\t<meta name=\"twitter:data1\" content=\"1 min\u00fata\" \/>\n<script type=\"application\/ld+json\" class=\"yoast-schema-graph\">{\"@context\":\"https:\\\/\\\/schema.org\",\"@graph\":[{\"@type\":\"WebPage\",\"@id\":\"https:\\\/\\\/orokzoldlakopark.hu\\\/ingatlanvalaszto\\\/\",\"url\":\"https:\\\/\\\/orokzoldlakopark.hu\\\/ingatlanvalaszto\\\/\",\"name\":\"Ingatlanv\u00e1laszt\u00f3 &#8211; \u00d6r\u00f6kz\u00f6ld Lak\u00f3park\",\"isPartOf\":{\"@id\":\"https:\\\/\\\/orokzoldlakopark.hu\\\/#website\"},\"primaryImageOfPage\":{\"@id\":\"https:\\\/\\\/orokzoldlakopark.hu\\\/ingatlanvalaszto\\\/#primaryimage\"},\"image\":{\"@id\":\"https:\\\/\\\/orokzoldlakopark.hu\\\/ingatlanvalaszto\\\/#primaryimage\"},\"thumbnailUrl\":\"https:\\\/\\\/orokzoldlakopark.hu\\\/wp-content\\\/uploads\\\/2022\\\/10\\\/12.png\",\"datePublished\":\"2022-10-07T05:22:57+00:00\",\"dateModified\":\"2025-08-14T12:54:17+00:00\",\"breadcrumb\":{\"@id\":\"https:\\\/\\\/orokzoldlakopark.hu\\\/ingatlanvalaszto\\\/#breadcrumb\"},\"inLanguage\":\"sk-SK\",\"potentialAction\":[{\"@type\":\"ReadAction\",\"target\":[\"https:\\\/\\\/orokzoldlakopark.hu\\\/ingatlanvalaszto\\\/\"]}]},{\"@type\":\"ImageObject\",\"inLanguage\":\"sk-SK\",\"@id\":\"https:\\\/\\\/orokzoldlakopark.hu\\\/ingatlanvalaszto\\\/#primaryimage\",\"url\":\"https:\\\/\\\/orokzoldlakopark.hu\\\/wp-content\\\/uploads\\\/2022\\\/10\\\/12.png\",\"contentUrl\":\"https:\\\/\\\/orokzoldlakopark.hu\\\/wp-content\\\/uploads\\\/2022\\\/10\\\/12.png\"},{\"@type\":\"BreadcrumbList\",\"@id\":\"https:\\\/\\\/orokzoldlakopark.hu\\\/ingatlanvalaszto\\\/#breadcrumb\",\"itemListElement\":[{\"@type\":\"ListItem\",\"position\":1,\"name\":\"Kezd\u0151lap\",\"item\":\"https:\\\/\\\/orokzoldlakopark.hu\\\/\"},{\"@type\":\"ListItem\",\"position\":2,\"name\":\"Ingatlanv\u00e1laszt\u00f3\"}]},{\"@type\":\"WebSite\",\"@id\":\"https:\\\/\\\/orokzoldlakopark.hu\\\/#website\",\"url\":\"https:\\\/\\\/orokzoldlakopark.hu\\\/\",\"name\":\"\u00d6r\u00f6kz\u00f6ld Lak\u00f3park\",\"description\":\"N\u00e9h\u00e1ny perc a belv\u00e1rost\u00f3l - T\u00e1vol de m\u00e9g is k\u00f6zel!\",\"publisher\":{\"@id\":\"https:\\\/\\\/orokzoldlakopark.hu\\\/#organization\"},\"potentialAction\":[{\"@type\":\"SearchAction\",\"target\":{\"@type\":\"EntryPoint\",\"urlTemplate\":\"https:\\\/\\\/orokzoldlakopark.hu\\\/?s={search_term_string}\"},\"query-input\":{\"@type\":\"PropertyValueSpecification\",\"valueRequired\":true,\"valueName\":\"search_term_string\"}}],\"inLanguage\":\"sk-SK\"},{\"@type\":\"Organization\",\"@id\":\"https:\\\/\\\/orokzoldlakopark.hu\\\/#organization\",\"name\":\"\u00d6r\u00f6kz\u00f6ld Lak\u00f3park\",\"url\":\"https:\\\/\\\/orokzoldlakopark.hu\\\/\",\"logo\":{\"@type\":\"ImageObject\",\"inLanguage\":\"sk-SK\",\"@id\":\"https:\\\/\\\/orokzoldlakopark.hu\\\/#\\\/schema\\\/logo\\\/image\\\/\",\"url\":\"http:\\\/\\\/orokzoldlakopark.hu\\\/wp-content\\\/uploads\\\/2021\\\/06\\\/cropped-orokzold-lakopark-color.png\",\"contentUrl\":\"http:\\\/\\\/orokzoldlakopark.hu\\\/wp-content\\\/uploads\\\/2021\\\/06\\\/cropped-orokzold-lakopark-color.png\",\"width\":533,\"height\":160,\"caption\":\"\u00d6r\u00f6kz\u00f6ld Lak\u00f3park\"},\"image\":{\"@id\":\"https:\\\/\\\/orokzoldlakopark.hu\\\/#\\\/schema\\\/logo\\\/image\\\/\"}}]}<\/script>\n<!-- \/ Yoast SEO Premium plugin. -->","yoast_head_json":{"title":"Ingatlanv\u00e1laszt\u00f3 &#8211; \u00d6r\u00f6kz\u00f6ld Lak\u00f3park","robots":{"index":"index","follow":"follow","max-snippet":"max-snippet:-1","max-image-preview":"max-image-preview:large","max-video-preview":"max-video-preview:-1"},"canonical":"https:\/\/orokzoldlakopark.hu\/sk\/ingatlanvalaszto\/","og_locale":"sk_SK","og_type":"article","og_title":"Ingatlanv\u00e1laszt\u00f3","og_description":"Ingatlanv\u00e1laszt\u00f3 Sorh\u00e1zak Csal\u00e1di h\u00e1zak TELKEK ELADVA","og_url":"https:\/\/orokzoldlakopark.hu\/sk\/ingatlanvalaszto\/","og_site_name":"\u00d6r\u00f6kz\u00f6ld Lak\u00f3park","article_modified_time":"2025-08-14T12:54:17+00:00","og_image":[{"url":"https:\/\/orokzoldlakopark.hu\/wp-content\/uploads\/2022\/10\/12.png","type":"","width":"","height":""}],"twitter_card":"summary_large_image","twitter_misc":{"Predpokladan\u00fd \u010das \u010d\u00edtania":"1 min\u00fata"},"schema":{"@context":"https:\/\/schema.org","@graph":[{"@type":"WebPage","@id":"https:\/\/orokzoldlakopark.hu\/ingatlanvalaszto\/","url":"https:\/\/orokzoldlakopark.hu\/ingatlanvalaszto\/","name":"Ingatlanv\u00e1laszt\u00f3 &#8211; \u00d6r\u00f6kz\u00f6ld Lak\u00f3park","isPartOf":{"@id":"https:\/\/orokzoldlakopark.hu\/#website"},"primaryImageOfPage":{"@id":"https:\/\/orokzoldlakopark.hu\/ingatlanvalaszto\/#primaryimage"},"image":{"@id":"https:\/\/orokzoldlakopark.hu\/ingatlanvalaszto\/#primaryimage"},"thumbnailUrl":"https:\/\/orokzoldlakopark.hu\/wp-content\/uploads\/2022\/10\/12.png","datePublished":"2022-10-07T05:22:57+00:00","dateModified":"2025-08-14T12:54:17+00:00","breadcrumb":{"@id":"https:\/\/orokzoldlakopark.hu\/ingatlanvalaszto\/#breadcrumb"},"inLanguage":"sk-SK","potentialAction":[{"@type":"ReadAction","target":["https:\/\/orokzoldlakopark.hu\/ingatlanvalaszto\/"]}]},{"@type":"ImageObject","inLanguage":"sk-SK","@id":"https:\/\/orokzoldlakopark.hu\/ingatlanvalaszto\/#primaryimage","url":"https:\/\/orokzoldlakopark.hu\/wp-content\/uploads\/2022\/10\/12.png","contentUrl":"https:\/\/orokzoldlakopark.hu\/wp-content\/uploads\/2022\/10\/12.png"},{"@type":"BreadcrumbList","@id":"https:\/\/orokzoldlakopark.hu\/ingatlanvalaszto\/#breadcrumb","itemListElement":[{"@type":"ListItem","position":1,"name":"Kezd\u0151lap","item":"https:\/\/orokzoldlakopark.hu\/"},{"@type":"ListItem","position":2,"name":"Ingatlanv\u00e1laszt\u00f3"}]},{"@type":"WebSite","@id":"https:\/\/orokzoldlakopark.hu\/#website","url":"https:\/\/orokzoldlakopark.hu\/","name":"\u00d6r\u00f6kz\u00f6ld Lak\u00f3park","description":"N\u00e9h\u00e1ny perc a belv\u00e1rost\u00f3l - T\u00e1vol de m\u00e9g is k\u00f6zel!","publisher":{"@id":"https:\/\/orokzoldlakopark.hu\/#organization"},"potentialAction":[{"@type":"SearchAction","target":{"@type":"EntryPoint","urlTemplate":"https:\/\/orokzoldlakopark.hu\/?s={search_term_string}"},"query-input":{"@type":"PropertyValueSpecification","valueRequired":true,"valueName":"search_term_string"}}],"inLanguage":"sk-SK"},{"@type":"Organization","@id":"https:\/\/orokzoldlakopark.hu\/#organization","name":"\u00d6r\u00f6kz\u00f6ld Lak\u00f3park","url":"https:\/\/orokzoldlakopark.hu\/","logo":{"@type":"ImageObject","inLanguage":"sk-SK","@id":"https:\/\/orokzoldlakopark.hu\/#\/schema\/logo\/image\/","url":"http:\/\/orokzoldlakopark.hu\/wp-content\/uploads\/2021\/06\/cropped-orokzold-lakopark-color.png","contentUrl":"http:\/\/orokzoldlakopark.hu\/wp-content\/uploads\/2021\/06\/cropped-orokzold-lakopark-color.png","width":533,"height":160,"caption":"\u00d6r\u00f6kz\u00f6ld Lak\u00f3park"},"image":{"@id":"https:\/\/orokzoldlakopark.hu\/#\/schema\/logo\/image\/"}}]}},"_links":{"self":[{"href":"https:\/\/orokzoldlakopark.hu\/sk\/wp-json\/wp\/v2\/pages\/1131","targetHints":{"allow":["GET"]}}],"collection":[{"href":"https:\/\/orokzoldlakopark.hu\/sk\/wp-json\/wp\/v2\/pages"}],"about":[{"href":"https:\/\/orokzoldlakopark.hu\/sk\/wp-json\/wp\/v2\/types\/page"}],"author":[{"embeddable":true,"href":"https:\/\/orokzoldlakopark.hu\/sk\/wp-json\/wp\/v2\/users\/1"}],"replies":[{"embeddable":true,"href":"https:\/\/orokzoldlakopark.hu\/sk\/wp-json\/wp\/v2\/comments?post=1131"}],"version-history":[{"count":34,"href":"https:\/\/orokzoldlakopark.hu\/sk\/wp-json\/wp\/v2\/pages\/1131\/revisions"}],"predecessor-version":[{"id":1778,"href":"https:\/\/orokzoldlakopark.hu\/sk\/wp-json\/wp\/v2\/pages\/1131\/revisions\/1778"}],"wp:attachment":[{"href":"https:\/\/orokzoldlakopark.hu\/sk\/wp-json\/wp\/v2\/media?parent=1131"}],"curies":[{"name":"wp","href":"https:\/\/api.w.org\/{rel}","templated":true}]}}